{"id":600,"date":"2020-09-09T09:56:54","date_gmt":"2020-09-09T09:56:54","guid":{"rendered":"https:\/\/compojet.ind.br\/index.php\/services\/"},"modified":"2023-08-25T22:44:06","modified_gmt":"2023-08-26T01:44:06","slug":"services","status":"publish","type":"page","link":"https:\/\/compojet.ind.br\/index.php\/services\/","title":{"rendered":"Services"},"content":{"rendered":"\n<div class=\"wp-block-uagb-container uagb-block-9d3f4481 alignfull uagb-is-root-container\"><div class=\"uagb-container-inner-blocks-wrap\">\n<div class=\"wp-block-uagb-container uagb-block-76575269\">\n<div class=\"wp-block-uagb-advanced-heading uagb-block-ac10c5c9\"><h1 class=\"uagb-heading-text\">Produtos\u200b<\/h1><\/div>\n<\/div>\n\n\n\n<div class=\"wp-block-uagb-container uagb-block-37226c29\">\n<div class=\"wp-block-uagb-advanced-heading uagb-block-a9a2b605\"><h5 class=\"uagb-heading-text\">Ligue<\/h5><\/div>\n\n\n\n<div class=\"wp-block-uagb-advanced-heading uagb-block-a83ef971\"><h3 class=\"uagb-heading-text\">(51) 3545-1040\u200b<\/h3><\/div>\n<\/div>\n<\/div><\/div>\n\n\n\n<div class=\"wp-block-uagb-container uagb-block-b9b52364 alignfull uagb-is-root-container\"><div class=\"uagb-container-inner-blocks-wrap\">\n<div class=\"wp-block-uagb-container uagb-block-2bacb55d\">\n<div class=\"wp-block-uagb-advanced-heading uagb-block-b75be94d\"><h6 class=\"uagb-heading-text\">Produtos<strong>\u200b<\/strong><\/h6><\/div>\n\n\n\n<div class=\"wp-block-uagb-advanced-heading uagb-block-a532321a\"><h3 class=\"uagb-heading-text\">Seja qualquer palmilha, estamos aqui para ajudar!!\u200b<\/h3><p class=\"uagb-desc-text\">Utilizamos tecnologia de ponta em todo o processo de fabrica\u00e7\u00e3o de nossas palmilhas. Desde a montagem inicial at\u00e9 o acabamento final, todos os processos s\u00e3o cuidadosamente monitorados para garantir a qualidade dos produtos.<\/p><\/div>\n<\/div>\n\n\n\n<div class=\"wp-block-uagb-container uagb-block-902194ad\"><div class=\"wp-block-uagb-faq uagb-faq__outer-wrap uagb-block-cb926c10 uagb-faq-icon-row-reverse uagb-faq-layout-accordion uagb-faq-expand-first-false uagb-faq-inactive-other-true uagb-faq__wrap uagb-buttons-layout-wrap uagb-faq-equal-height     \" data-faqtoggle=\"true\" role=\"tablist\"><div class=\"wp-block-uagb-faq-child uagb-faq-child__outer-wrap uagb-faq-item uagb-block-1d3eed9d \" role=\"tab\" tabindex=\"0\"><div class=\"uagb-faq-questions-button uagb-faq-questions\">\t\t\t<span class=\"uagb-icon uagb-faq-icon-wrap\">\n\t\t\t\t\t\t\t\t<svg xmlns=\"https:\/\/www.w3.org\/2000\/svg\" viewBox= \"0 0 256 512\"><path d=\"M118.6 105.4l128 127.1C252.9 239.6 256 247.8 256 255.1s-3.125 16.38-9.375 22.63l-128 127.1c-9.156 9.156-22.91 11.9-34.88 6.943S64 396.9 64 383.1V128c0-12.94 7.781-24.62 19.75-29.58S109.5 96.23 118.6 105.4z\"><\/path><\/svg>\n\t\t\t\t\t\t\t<\/span>\n\t\t\t\t\t\t<span class=\"uagb-icon-active uagb-faq-icon-wrap\">\n\t\t\t\t\t\t\t\t<svg xmlns=\"https:\/\/www.w3.org\/2000\/svg\" viewBox= \"0 0 320 512\"><path d=\"M9.39 265.4l127.1-128C143.6 131.1 151.8 128 160 128s16.38 3.125 22.63 9.375l127.1 128c9.156 9.156 11.9 22.91 6.943 34.88S300.9 320 287.1 320H32.01c-12.94 0-24.62-7.781-29.58-19.75S.2333 274.5 9.39 265.4z\"><\/path><\/svg>\n\t\t\t\t\t\t\t<\/span>\n\t\t\t<span class=\"uagb-question\">Modelos<\/span><\/div><div class=\"uagb-faq-content\"><p>&#8211; Palmilhas de Montagem<br>&#8211; Palmilhas de Montagem Injetadas<br>&#8211; Palmilhas de Conforto<br>&#8211; Palmilhas Especiais<\/p><\/div><\/div><div class=\"wp-block-uagb-faq-child uagb-faq-child__outer-wrap uagb-faq-item uagb-block-56dc8252 \" role=\"tab\" tabindex=\"0\"><div class=\"uagb-faq-questions-button uagb-faq-questions\">\t\t\t<span class=\"uagb-icon uagb-faq-icon-wrap\">\n\t\t\t\t\t\t\t\t<svg xmlns=\"https:\/\/www.w3.org\/2000\/svg\" viewBox= \"0 0 256 512\"><path d=\"M118.6 105.4l128 127.1C252.9 239.6 256 247.8 256 255.1s-3.125 16.38-9.375 22.63l-128 127.1c-9.156 9.156-22.91 11.9-34.88 6.943S64 396.9 64 383.1V128c0-12.94 7.781-24.62 19.75-29.58S109.5 96.23 118.6 105.4z\"><\/path><\/svg>\n\t\t\t\t\t\t\t<\/span>\n\t\t\t\t\t\t<span class=\"uagb-icon-active uagb-faq-icon-wrap\">\n\t\t\t\t\t\t\t\t<svg xmlns=\"https:\/\/www.w3.org\/2000\/svg\" viewBox= \"0 0 320 512\"><path d=\"M9.39 265.4l127.1-128C143.6 131.1 151.8 128 160 128s16.38 3.125 22.63 9.375l127.1 128c9.156 9.156 11.9 22.91 6.943 34.88S300.9 320 287.1 320H32.01c-12.94 0-24.62-7.781-29.58-19.75S.2333 274.5 9.39 265.4z\"><\/path><\/svg>\n\t\t\t\t\t\t\t<\/span>\n\t\t\t<span class=\"uagb-question\">Materiais<\/span><\/div><div class=\"uagb-faq-content\"><p>&#8211; Papel\u00e3o<br>&#8211; PU<br>&#8211; PVC<\/p><\/div><\/div><div class=\"wp-block-uagb-faq-child uagb-faq-child__outer-wrap uagb-faq-item uagb-block-1470b3e6 \" role=\"tab\" tabindex=\"0\"><div class=\"uagb-faq-questions-button uagb-faq-questions\">\t\t\t<span class=\"uagb-icon uagb-faq-icon-wrap\">\n\t\t\t\t\t\t\t\t<svg xmlns=\"https:\/\/www.w3.org\/2000\/svg\" viewBox= \"0 0 256 512\"><path d=\"M118.6 105.4l128 127.1C252.9 239.6 256 247.8 256 255.1s-3.125 16.38-9.375 22.63l-128 127.1c-9.156 9.156-22.91 11.9-34.88 6.943S64 396.9 64 383.1V128c0-12.94 7.781-24.62 19.75-29.58S109.5 96.23 118.6 105.4z\"><\/path><\/svg>\n\t\t\t\t\t\t\t<\/span>\n\t\t\t\t\t\t<span class=\"uagb-icon-active uagb-faq-icon-wrap\">\n\t\t\t\t\t\t\t\t<svg xmlns=\"https:\/\/www.w3.org\/2000\/svg\" viewBox= \"0 0 320 512\"><path d=\"M9.39 265.4l127.1-128C143.6 131.1 151.8 128 160 128s16.38 3.125 22.63 9.375l127.1 128c9.156 9.156 11.9 22.91 6.943 34.88S300.9 320 287.1 320H32.01c-12.94 0-24.62-7.781-29.58-19.75S.2333 274.5 9.39 265.4z\"><\/path><\/svg>\n\t\t\t\t\t\t\t<\/span>\n\t\t\t<span class=\"uagb-question\">Desenvolvimento<\/span><\/div><div class=\"uagb-faq-content\"><p>Processos inovadores e tecnol\u00f3gicos<\/p><\/div><\/div><div class=\"wp-block-uagb-faq-child uagb-faq-child__outer-wrap uagb-faq-item uagb-block-f39df36f \" role=\"tab\" tabindex=\"0\"><div class=\"uagb-faq-questions-button uagb-faq-questions\">\t\t\t<span class=\"uagb-icon uagb-faq-icon-wrap\">\n\t\t\t\t\t\t\t\t<svg xmlns=\"https:\/\/www.w3.org\/2000\/svg\" viewBox= \"0 0 256 512\"><path d=\"M118.6 105.4l128 127.1C252.9 239.6 256 247.8 256 255.1s-3.125 16.38-9.375 22.63l-128 127.1c-9.156 9.156-22.91 11.9-34.88 6.943S64 396.9 64 383.1V128c0-12.94 7.781-24.62 19.75-29.58S109.5 96.23 118.6 105.4z\"><\/path><\/svg>\n\t\t\t\t\t\t\t<\/span>\n\t\t\t\t\t\t<span class=\"uagb-icon-active uagb-faq-icon-wrap\">\n\t\t\t\t\t\t\t\t<svg xmlns=\"https:\/\/www.w3.org\/2000\/svg\" viewBox= \"0 0 320 512\"><path d=\"M9.39 265.4l127.1-128C143.6 131.1 151.8 128 160 128s16.38 3.125 22.63 9.375l127.1 128c9.156 9.156 11.9 22.91 6.943 34.88S300.9 320 287.1 320H32.01c-12.94 0-24.62-7.781-29.58-19.75S.2333 274.5 9.39 265.4z\"><\/path><\/svg>\n\t\t\t\t\t\t\t<\/span>\n\t\t\t<span class=\"uagb-question\">P\u00f3s Venda<\/span><\/div><div class=\"uagb-faq-content\"><p>Agilidade e compromisso na solu\u00e7\u00e3o de seu problema<\/p><\/div><\/div><\/div><\/div>\n\n\n\n<div class=\"wp-block-uagb-container uagb-block-f4de0fe6\">\n<div class=\"wp-block-uagb-image uagb-block-b4c92166 wp-block-uagb-image--layout-default wp-block-uagb-image--effect-static wp-block-uagb-image--align-none\"><figure class=\"wp-block-uagb-image__figure\"><img decoding=\"async\" srcset=\"https:\/\/compojet.ind.br\/wp-content\/uploads\/2023\/06\/Maq_Corte-2.jpg \" sizes=\"auto, (max-width: 480px) 150px\" src=\"https:\/\/compojet.ind.br\/wp-content\/uploads\/2023\/06\/Maq_Corte-2.jpg\" alt=\"\" class=\"uag-image-767\" width=\"410\" height=\"650\" title=\"\" loading=\"lazy\"\/><\/figure><\/div>\n<\/div>\n<\/div><\/div>\n\n\n\n<div class=\"wp-block-uagb-container uagb-block-e864a2e1 alignfull uagb-is-root-container\"><div class=\"uagb-container-inner-blocks-wrap\">\n<div class=\"wp-block-uagb-container uagb-block-ebd6ba40\">\n<div class=\"wp-block-uagb-image uagb-block-8334a2b6 wp-block-uagb-image--layout-default wp-block-uagb-image--effect-static wp-block-uagb-image--align-none\"><figure class=\"wp-block-uagb-image__figure\"><img decoding=\"async\" srcset=\"https:\/\/compojet.ind.br\/wp-content\/uploads\/2023\/08\/Palmilha1-1.png \" sizes=\"auto, (max-width: 480px) 150px\" src=\"https:\/\/compojet.ind.br\/wp-content\/uploads\/2023\/08\/Palmilha1-1.png\" alt=\"\" class=\"uag-image-870\" width=\"800\" height=\"535\" title=\"\" loading=\"lazy\"\/><\/figure><\/div>\n<\/div>\n\n\n\n<div class=\"wp-block-uagb-container uagb-block-748fe7ba\">\n<div class=\"wp-block-uagb-advanced-heading uagb-block-649eb7c7\"><h3 class=\"uagb-heading-text\">Palmilha de Montagem<\/h3><p class=\"uagb-desc-text\">Confere ao cal\u00e7ado a ess\u00eancia de sua cria\u00e7\u00e3o, obtendo os objetivos de estabilidade, leveza, conforto, ousadia ou outras qualidades que deseja em seu produto.<\/p><\/div>\n<\/div>\n<\/div><\/div>\n\n\n\n<div class=\"wp-block-uagb-container uagb-block-4b69f93d alignfull uagb-is-root-container\"><div class=\"uagb-container-inner-blocks-wrap\">\n<div class=\"wp-block-uagb-container uagb-block-f0f35c4d\">\n<div class=\"wp-block-uagb-image uagb-block-52ad2daf wp-block-uagb-image--layout-default wp-block-uagb-image--effect-static wp-block-uagb-image--align-none\"><figure class=\"wp-block-uagb-image__figure\"><img decoding=\"async\" srcset=\"https:\/\/compojet.ind.br\/wp-content\/uploads\/2023\/08\/Injetada-1.png \" sizes=\"auto, (max-width: 480px) 150px\" src=\"https:\/\/compojet.ind.br\/wp-content\/uploads\/2023\/08\/Injetada-1.png\" alt=\"\" class=\"uag-image-876\" width=\"800\" height=\"535\" title=\"\" loading=\"lazy\"\/><\/figure><\/div>\n<\/div>\n\n\n\n<div class=\"wp-block-uagb-container uagb-block-d818ddf3\">\n<div class=\"wp-block-uagb-advanced-heading uagb-block-feed3e79\"><h3 class=\"uagb-heading-text\">Palmilha de Montagem Injetada<\/h3><p class=\"uagb-desc-text\">Garante a montagem precisa e padr\u00e3o de qualidade para o cal\u00e7ado, amplia alternativas de formas e funcionalidades, agregando em uma \u00fanica pe\u00e7a v\u00e1rias mat\u00e9rias-primas.<\/p><\/div>\n<\/div>\n<\/div><\/div>\n\n\n\n<div class=\"wp-block-uagb-container uagb-block-44e7b5fc alignfull uagb-is-root-container\"><div class=\"uagb-container-inner-blocks-wrap\">\n<div class=\"wp-block-uagb-container uagb-block-a0e42d99\">\n<div class=\"wp-block-uagb-image uagb-block-fcb1f56c wp-block-uagb-image--layout-default wp-block-uagb-image--effect-static wp-block-uagb-image--align-none\"><figure class=\"wp-block-uagb-image__figure\"><img decoding=\"async\" srcset=\"https:\/\/compojet.ind.br\/wp-content\/uploads\/2023\/08\/Palmilha_Conforto-1.png \" sizes=\"auto, (max-width: 480px) 150px\" src=\"https:\/\/compojet.ind.br\/wp-content\/uploads\/2023\/08\/Palmilha_Conforto-1.png\" alt=\"\" class=\"uag-image-886\" width=\"800\" height=\"535\" loading=\"lazy\"\/><\/figure><\/div>\n<\/div>\n\n\n\n<div class=\"wp-block-uagb-container uagb-block-130e1ec6\">\n<div class=\"wp-block-uagb-advanced-heading uagb-block-aba1d159\"><h3 class=\"uagb-heading-text\">Palmilha de Conforto<\/h3><p class=\"uagb-desc-text\">Proporcionam conforto total aos p\u00e9s, garantindo uma rotina tranquila. Apresentam superf\u00edcie confort\u00e1vel e ultramacia para serem utilizadas durante o dia a dia.<\/p><\/div>\n<\/div>\n<\/div><\/div>\n\n\n\n<div class=\"wp-block-uagb-container uagb-block-3cb01769 alignfull uagb-is-root-container\"><div class=\"uagb-container-inner-blocks-wrap\">\n<div class=\"wp-block-uagb-container uagb-block-24b78058\">\n<div class=\"wp-block-uagb-image uagb-block-c8fd4883 wp-block-uagb-image--layout-default wp-block-uagb-image--effect-static wp-block-uagb-image--align-none\"><figure class=\"wp-block-uagb-image__figure\"><img decoding=\"async\" srcset=\"https:\/\/compojet.ind.br\/wp-content\/uploads\/2023\/08\/Palm_Espec-1.png \" sizes=\"auto, (max-width: 480px) 150px\" src=\"https:\/\/compojet.ind.br\/wp-content\/uploads\/2023\/08\/Palm_Espec-1.png\" alt=\"\" class=\"uag-image-885\" width=\"800\" height=\"535\" loading=\"lazy\"\/><\/figure><\/div>\n<\/div>\n\n\n\n<div class=\"wp-block-uagb-container uagb-block-30703a5f\">\n<div class=\"wp-block-uagb-advanced-heading uagb-block-fa77279b\"><h3 class=\"uagb-heading-text\">Palmilhas\u200b\u200b Especiais<\/h3><p class=\"uagb-desc-text\">Essas palmilhas s\u00e3o produtos criados para exercer uma terapia magn\u00e9tica no corpo. Proporcionando benef\u00edcios com al\u00edvio de tens\u00f5es, dores e estresse.<\/p><\/div>\n<\/div>\n<\/div><\/div>\n\n\n\n<div class=\"wp-block-uagb-container uagb-block-ea48a76b alignfull uagb-is-root-container\"><div class=\"uagb-container-inner-blocks-wrap\">\n<div class=\"wp-block-uagb-container uagb-block-28bd26d0\">\n<div class=\"wp-block-uagb-info-box uagb-block-a4a8c8ab uagb-infobox__content-wrap  uagb-infobox-icon-above-title uagb-infobox-image-valign-top\"><div class=\"uagb-ifb-content\"><div class=\"uagb-ifb-title-wrap\"><h2 class=\"uagb-ifb-title\">Produza com a confian\u00e7a da qualidade de nossos produtos!<\/h2><\/div><p class=\"uagb-ifb-desc\">A Compojet \u00e9 uma empresa que se preocupa com a excel\u00eancia do produto de seus clientes, sempre priorizando a qualidade em seus componentes.<br>As palmilhas personalizadas s\u00e3o uma excelente op\u00e7\u00e3o para oferecer aos seus clientes um diferencial e valor agregado a suas cria\u00e7\u00f5es.<\/p><div class=\"uagb-ifb-button-wrapper wp-block-button\"><a href=\"http:\/\/wa.me\/5551998296049\" class=\"uagb-infobox-cta-link wp-block-button__link\" target=\"_self\" rel=\"noopener noreferrer\" onclick=\"return true;\" alt=\"\"><span class=\"uagb-inline-editing\">Fa\u00e7a seu or\u00e7amento<\/span><\/a><\/div><\/div><\/div>\n<\/div>\n<\/div><\/div>\n","protected":false},"excerpt":{"rendered":"<p>Produtos\u200b Ligue (51) 3545-1040\u200b Produtos\u200b Seja qualquer palmilha, estamos aqui para ajudar!!\u200b Utilizamos tecnologia de ponta em todo o processo de fabrica\u00e7\u00e3o de nossas palmilhas. Desde a montagem inicial at\u00e9 o acabamento final, todos os processos s\u00e3o cuidadosamente monitorados para garantir a qualidade dos produtos. Palmilha de Montagem Confere ao cal\u00e7ado a ess\u00eancia de sua [&hellip;]<\/p>\n","protected":false},"author":1,"featured_media":0,"parent":0,"menu_order":0,"comment_status":"closed","ping_status":"closed","template":"","meta":{"_uag_custom_page_level_css":"","site-sidebar-layout":"no-sidebar","site-content-layout":"plain-container","ast-site-content-layout":"normal-width-container","site-content-style":"unboxed","site-sidebar-style":"unboxed","ast-global-header-display":"","ast-banner-title-visibility":"","ast-main-header-display":"","ast-hfb-above-header-display":"","ast-hfb-below-header-display":"","ast-hfb-mobile-header-display":"","site-post-title":"disabled","ast-breadcrumbs-content":"","ast-featured-img":"","footer-sml-layout":"","ast-disable-related-posts":"","theme-transparent-header-meta":"enabled","adv-header-id-meta":"","stick-header-meta":"","header-above-stick-meta":"","header-main-stick-meta":"","header-below-stick-meta":"","astra-migrate-meta-layouts":"set","ast-page-background-enabled":"default","ast-page-background-meta":{"desktop":{"background-color":"","background-image":"","background-repeat":"repeat","background-position":"center center","background-size":"auto","background-attachment":"scroll","background-type":"","background-media":"","overlay-type":"","overlay-color":"","overlay-opacity":"","overlay-gradient":""},"tablet":{"background-color":"","background-image":"","background-repeat":"repeat","background-position":"center center","background-size":"auto","background-attachment":"scroll","background-type":"","background-media":"","overlay-type":"","overlay-color":"","overlay-opacity":"","overlay-gradient":""},"mobile":{"background-color":"","background-image":"","background-repeat":"repeat","background-position":"center center","background-size":"auto","background-attachment":"scroll","background-type":"","background-media":"","overlay-type":"","overlay-color":"","overlay-opacity":"","overlay-gradient":""}},"ast-content-background-meta":{"desktop":{"background-color":"var(--ast-global-color-5)","background-image":"","background-repeat":"repeat","background-position":"center center","background-size":"auto","background-attachment":"scroll","background-type":"","background-media":"","overlay-type":"","overlay-color":"","overlay-opacity":"","overlay-gradient":""},"tablet":{"background-color":"var(--ast-global-color-5)","background-image":"","background-repeat":"repeat","background-position":"center center","background-size":"auto","background-attachment":"scroll","background-type":"","background-media":"","overlay-type":"","overlay-color":"","overlay-opacity":"","overlay-gradient":""},"mobile":{"background-color":"var(--ast-global-color-5)","background-image":"","background-repeat":"repeat","background-position":"center center","background-size":"auto","background-attachment":"scroll","background-type":"","background-media":"","overlay-type":"","overlay-color":"","overlay-opacity":"","overlay-gradient":""}},"_joinchat":[],"footnotes":""},"class_list":["post-600","page","type-page","status-publish","hentry"],"uagb_featured_image_src":{"full":false,"thumbnail":false,"medium":false,"medium_large":false,"large":false,"1536x1536":false,"2048x2048":false},"uagb_author_info":{"display_name":"admin","author_link":"https:\/\/compojet.ind.br\/index.php\/author\/gestor\/"},"uagb_comment_info":0,"uagb_excerpt":"Produtos\u200b Ligue (51) 3545-1040\u200b Produtos\u200b Seja qualquer palmilha, estamos aqui para ajudar!!\u200b Utilizamos tecnologia de ponta em todo o processo de fabrica\u00e7\u00e3o de nossas palmilhas. Desde a montagem inicial at\u00e9 o acabamento final, todos os processos s\u00e3o cuidadosamente monitorados para garantir a qualidade dos produtos. Palmilha de Montagem Confere ao cal\u00e7ado a ess\u00eancia de sua&hellip;","_links":{"self":[{"href":"https:\/\/compojet.ind.br\/index.php\/wp-json\/wp\/v2\/pages\/600","targetHints":{"allow":["GET"]}}],"collection":[{"href":"https:\/\/compojet.ind.br\/index.php\/wp-json\/wp\/v2\/pages"}],"about":[{"href":"https:\/\/compojet.ind.br\/index.php\/wp-json\/wp\/v2\/types\/page"}],"author":[{"embeddable":true,"href":"https:\/\/compojet.ind.br\/index.php\/wp-json\/wp\/v2\/users\/1"}],"replies":[{"embeddable":true,"href":"https:\/\/compojet.ind.br\/index.php\/wp-json\/wp\/v2\/comments?post=600"}],"version-history":[{"count":15,"href":"https:\/\/compojet.ind.br\/index.php\/wp-json\/wp\/v2\/pages\/600\/revisions"}],"predecessor-version":[{"id":888,"href":"https:\/\/compojet.ind.br\/index.php\/wp-json\/wp\/v2\/pages\/600\/revisions\/888"}],"wp:attachment":[{"href":"https:\/\/compojet.ind.br\/index.php\/wp-json\/wp\/v2\/media?parent=600"}],"curies":[{"name":"wp","href":"https:\/\/api.w.org\/{rel}","templated":true}]}}