{"id":599,"date":"2020-09-09T09:57:04","date_gmt":"2020-09-09T09:57:04","guid":{"rendered":"https:\/\/compojet.ind.br\/index.php\/about\/"},"modified":"2026-02-24T20:42:43","modified_gmt":"2026-02-24T23:42:43","slug":"about","status":"publish","type":"page","link":"https:\/\/compojet.ind.br\/index.php\/about\/","title":{"rendered":"About"},"content":{"rendered":"\n<div class=\"wp-block-uagb-container uagb-block-fe34e85e alignfull uagb-is-root-container\"><div class=\"uagb-container-inner-blocks-wrap\">\n<div class=\"wp-block-uagb-container uagb-block-73b06249\">\n<div class=\"wp-block-uagb-advanced-heading uagb-block-d990abbe\"><h1 class=\"uagb-heading-text\">Sobre N\u00f3s\u200b<\/h1><\/div>\n<\/div>\n\n\n\n<div class=\"wp-block-uagb-container uagb-block-432f7088\">\n<div class=\"wp-block-uagb-advanced-heading uagb-block-b8b846dc\"><h5 class=\"uagb-heading-text\">Ligue<\/h5><\/div>\n\n\n\n<div class=\"wp-block-uagb-advanced-heading uagb-block-f173a773\"><h3 class=\"uagb-heading-text\">(51) 3545-1040<\/h3><\/div>\n<\/div>\n<\/div><\/div>\n\n\n\n<div class=\"wp-block-uagb-container uagb-block-b2dc32ac alignfull uagb-is-root-container\"><div class=\"uagb-container-inner-blocks-wrap\">\n<div class=\"wp-block-uagb-container uagb-block-5ae8fc7e\">\n<div class=\"wp-block-uagb-advanced-heading uagb-block-d7148e5b\"><h2 class=\"uagb-heading-text\">Quem Somos\u200b<\/h2><p class=\"uagb-desc-text\"><strong>Compojet F\u00e1brica de Palmilhas<\/strong><br><br>A f\u00e1brica de palmilhas Compojet \u00e9 uma empresa especializada na fabrica\u00e7\u00e3o de palmilhas personalizadas para diferentes tipos de cal\u00e7ados.<br>Fundada em 1\u00ba de setembro de 1996, a empresa possui 150 colaboradores altamente capacitados e tecnologia de ponta, para atender as demandas de  seus clientes.<br>A empresa iniciou com uma vis\u00e3o desafiadora, mas com a combina\u00e7\u00e3o certa de recursos e talentos, criou-se uma empresa de sucesso, que cresceu de forma s\u00f3lida e eficiente. Nossa ind\u00fastria \u00e9 acima de tudo um ambiente familiar, onde todos mutuamente contam com o apoio de toda a equipe.<br>A Compojet foi criada com a identifica\u00e7\u00e3o de uma necessidade no mercado de cal\u00e7ados, sendo que houve um investimento de tempo, recursos em pesquisa e desenvolvimento, para criar uma palmilha eficiente, confort\u00e1vel e dur\u00e1vel.<br>Prezamos pela pontualidade em nossos servi\u00e7os, resultando em um trabalho eficaz e com qualidade.<\/p><\/div>\n<\/div>\n\n\n\n<div class=\"wp-block-uagb-container uagb-block-a5dcbba3\">\n<div class=\"wp-block-uagb-image uagb-block-ac30ce00 wp-block-uagb-image--layout-default wp-block-uagb-image--effect-static wp-block-uagb-image--align-none\"><figure class=\"wp-block-uagb-image__figure\"><img decoding=\"async\" srcset=\"https:\/\/compojet.ind.br\/wp-content\/uploads\/2020\/09\/window-banner-05.jpg \" sizes=\"auto, (max-width: 480px) 150px\" src=\"https:\/\/compojet.ind.br\/wp-content\/uploads\/2020\/09\/window-banner-05.jpg\" alt=\"\" class=\"uag-image-101\" width=\"460\" height=\"950\" title=\"\" loading=\"lazy\" role=\"img\"\/><\/figure><\/div>\n<\/div>\n<\/div><\/div>\n\n\n\n<div class=\"wp-block-uagb-container uagb-block-e8a28c40 alignfull uagb-is-root-container\"><div class=\"uagb-container-inner-blocks-wrap\">\n<div class=\"wp-block-uagb-container uagb-block-f3be5c0c\">\n<div class=\"wp-block-columns are-vertically-aligned-top is-layout-flex wp-container-core-columns-is-layout-28f84493 wp-block-columns-is-layout-flex\">\n<div class=\"wp-block-column is-vertically-aligned-top is-layout-flow wp-block-column-is-layout-flow\">\n<div class=\"wp-block-uagb-info-box uagb-block-01779b6b uagb-infobox__content-wrap  uagb-infobox-icon-above-title uagb-infobox-image-valign-top\"><div class=\"uagb-ifb-content\"><div class=\"uagb-ifb-title-wrap\"><h3 class=\"uagb-ifb-title\">Miss\u00e3o<\/h3><\/div><p class=\"uagb-ifb-desc\">Prover a base de conforto e durabilidade para os melhores cal\u00e7ados do mercado, entregando palmilhas de alta performance com pontualidade rigorosa. Existimos para fortalecer o produto de nossos parceiros atrav\u00e9s de uma gest\u00e3o enxuta, organizada e centrada na qualidade t\u00e9cnica.<\/p><\/div><\/div>\n<\/div>\n\n\n\n<div class=\"wp-block-column is-vertically-aligned-top is-layout-flow wp-block-column-is-layout-flow\">\n<div class=\"wp-block-uagb-info-box uagb-block-33b09cd3 uagb-infobox__content-wrap  uagb-infobox-icon-above-title uagb-infobox-image-valign-top\"><div class=\"uagb-ifb-content\"><div class=\"uagb-ifb-title-wrap\"><h3 class=\"uagb-ifb-title\">Vis\u00e3o<\/h3><\/div><p class=\"uagb-ifb-desc\">Ser o parceiro estrat\u00e9gico de confian\u00e7a para fabricantes de cal\u00e7ados premium, mantendo a excel\u00eancia produtiva e a solidez financeira que garantem a continuidade do nosso legado familiar e a estabilidade da nossa equipe.<\/p><\/div><\/div>\n<\/div>\n\n\n\n<div class=\"wp-block-column is-vertically-aligned-top is-layout-flow wp-block-column-is-layout-flow\">\n<div class=\"wp-block-uagb-info-box uagb-block-6ef1be2b uagb-infobox__content-wrap  uagb-infobox-icon-above-title uagb-infobox-image-valign-top\"><div class=\"uagb-ifb-content\"><div class=\"uagb-ifb-title-wrap\"><h3 class=\"uagb-ifb-title\">Valores<\/h3><\/div><p class=\"uagb-ifb-desc\"><strong>Qualidade Inegoci\u00e1vel:<\/strong> O produto final \u00e9 nossa melhor propaganda. N\u00e3o abrimos m\u00e3o do padr\u00e3o t\u00e9cnico em favor do volume ou do custo baixo.<br><br><strong>Comprometimento e Estabilidade:<\/strong> Valorizamos quem caminha conosco. Priorizamos o bem-estar e a perman\u00eancia dos nossos colaboradores, tratando a empresa como uma extens\u00e3o da fam\u00edlia.<br><br><strong>Efici\u00eancia Silenciosa:<\/strong> Acreditamos na organiza\u00e7\u00e3o e na estrutura enxuta. Preferimos investir em processos e controle de custos do que em apar\u00eancias ou burocracias desnecess\u00e1rias.<br><br><strong>Pontualidade e Respeito:<\/strong> Nossa palavra e nossos prazos s\u00e3o sagrados. Honramos cada compromisso com nossos valiosos clientes.<br><br><strong>Solidez e Prud\u00eancia: <\/strong>Gest\u00e3o financeira rigorosa para garantir a independ\u00eancia e a sa\u00fade do neg\u00f3cio a longo prazo.<\/p><\/div><\/div>\n<\/div>\n<\/div>\n<\/div>\n<\/div><\/div>\n\n\n\n<div class=\"wp-block-uagb-container uagb-block-c6a7619e alignfull uagb-is-root-container\"><div class=\"uagb-container-inner-blocks-wrap\">\n<div class=\"wp-block-uagb-container uagb-block-c36803e4\">\n<div class=\"wp-block-uagb-container uagb-block-c90da2ea\">\n<div class=\"wp-block-uagb-advanced-heading uagb-block-a04bbd27\"><h2 class=\"uagb-heading-text\">Os n\u00fameros falam por si<\/h2><\/div>\n<\/div>\n\n\n\n<div class=\"wp-block-uagb-container uagb-block-7b055346\">\n<div class=\"wp-block-uagb-container uagb-block-e5193bda\">\n<div class=\"wp-block-uagb-counter uagb-block-2439b64b wp-block-uagb-counter--number\"><div class=\"wp-block-uagb-counter__number\"><span class=\"uagb-counter-block-number\" data-duration=\"2\" data-to-value=\"200\" data-from-value=\"0\" data-delimiter=\".\"><\/span><span class=\"uagb-counter-block-suffix\">+<\/span><\/div><div class=\"wp-block-uagb-counter__title\">Clientes Satisfeitos<\/div><\/div>\n<\/div>\n\n\n\n<div class=\"wp-block-uagb-container uagb-block-bea861fc\">\n<div class=\"wp-block-uagb-counter uagb-block-87659082 wp-block-uagb-counter--number\"><div class=\"wp-block-uagb-counter__number\"><span class=\"uagb-counter-block-number\" data-duration=\"2\" data-to-value=\"27\" data-from-value=\"0\" data-delimiter=\".\"><\/span><\/div><div class=\"wp-block-uagb-counter__title\">Anos de Experi\u00eancia<\/div><\/div>\n<\/div>\n\n\n\n<div class=\"wp-block-uagb-container uagb-block-e9c01312\">\n<div class=\"wp-block-uagb-counter uagb-block-4186f483 wp-block-uagb-counter--number\"><div class=\"wp-block-uagb-counter__number\"><span class=\"uagb-counter-block-number\" data-duration=\"2\" data-to-value=\"10000\" data-from-value=\"0\" data-delimiter=\".\"><\/span><\/div><div class=\"wp-block-uagb-counter__title\">Palmilhas Produzidas Dia<\/div><\/div>\n<\/div>\n<\/div>\n<\/div>\n\n\n\n<div class=\"wp-block-uagb-container uagb-block-e2e74e88\">\n<div class=\"wp-block-uagb-container uagb-block-5400c627\"><\/div>\n\n\n\n<div class=\"wp-block-uagb-container uagb-block-65bd2b59\"><\/div>\n\n\n\n<div class=\"wp-block-uagb-container uagb-block-16393778\"><\/div>\n<\/div>\n<\/div><\/div>\n","protected":false},"excerpt":{"rendered":"<p>Sobre N\u00f3s\u200b Ligue (51) 3545-1040 Quem Somos\u200b Compojet F\u00e1brica de Palmilhas A f\u00e1brica de palmilhas Compojet \u00e9 uma empresa especializada na fabrica\u00e7\u00e3o de palmilhas personalizadas para diferentes tipos de cal\u00e7ados.Fundada em 1\u00ba de setembro de 1996, a empresa possui 150 colaboradores altamente capacitados e tecnologia de ponta, para atender as demandas de seus clientes.A empresa [&hellip;]<\/p>\n","protected":false},"author":1,"featured_media":0,"parent":0,"menu_order":0,"comment_status":"closed","ping_status":"closed","template":"","meta":{"_uag_custom_page_level_css":"","site-sidebar-layout":"no-sidebar","site-content-layout":"plain-container","ast-site-content-layout":"normal-width-container","site-content-style":"unboxed","site-sidebar-style":"unboxed","ast-global-header-display":"","ast-banner-title-visibility":"","ast-main-header-display":"","ast-hfb-above-header-display":"","ast-hfb-below-header-display":"","ast-hfb-mobile-header-display":"","site-post-title":"disabled","ast-breadcrumbs-content":"","ast-featured-img":"","footer-sml-layout":"","ast-disable-related-posts":"","theme-transparent-header-meta":"enabled","adv-header-id-meta":"","stick-header-meta":"","header-above-stick-meta":"","header-main-stick-meta":"","header-below-stick-meta":"","astra-migrate-meta-layouts":"set","ast-page-background-enabled":"default","ast-page-background-meta":{"desktop":{"background-color":"","background-image":"","background-repeat":"repeat","background-position":"center center","background-size":"auto","background-attachment":"scroll","background-type":"","background-media":"","overlay-type":"","overlay-color":"","overlay-opacity":"","overlay-gradient":""},"tablet":{"background-color":"","background-image":"","background-repeat":"repeat","background-position":"center center","background-size":"auto","background-attachment":"scroll","background-type":"","background-media":"","overlay-type":"","overlay-color":"","overlay-opacity":"","overlay-gradient":""},"mobile":{"background-color":"","background-image":"","background-repeat":"repeat","background-position":"center center","background-size":"auto","background-attachment":"scroll","background-type":"","background-media":"","overlay-type":"","overlay-color":"","overlay-opacity":"","overlay-gradient":""}},"ast-content-background-meta":{"desktop":{"background-color":"var(--ast-global-color-5)","background-image":"","background-repeat":"repeat","background-position":"center center","background-size":"auto","background-attachment":"scroll","background-type":"","background-media":"","overlay-type":"","overlay-color":"","overlay-opacity":"","overlay-gradient":""},"tablet":{"background-color":"var(--ast-global-color-5)","background-image":"","background-repeat":"repeat","background-position":"center center","background-size":"auto","background-attachment":"scroll","background-type":"","background-media":"","overlay-type":"","overlay-color":"","overlay-opacity":"","overlay-gradient":""},"mobile":{"background-color":"var(--ast-global-color-5)","background-image":"","background-repeat":"repeat","background-position":"center center","background-size":"auto","background-attachment":"scroll","background-type":"","background-media":"","overlay-type":"","overlay-color":"","overlay-opacity":"","overlay-gradient":""}},"_joinchat":[],"footnotes":""},"class_list":["post-599","page","type-page","status-publish","hentry"],"uagb_featured_image_src":{"full":false,"thumbnail":false,"medium":false,"medium_large":false,"large":false,"1536x1536":false,"2048x2048":false},"uagb_author_info":{"display_name":"admin","author_link":"https:\/\/compojet.ind.br\/index.php\/author\/gestor\/"},"uagb_comment_info":0,"uagb_excerpt":"Sobre N\u00f3s\u200b Ligue (51) 3545-1040 Quem Somos\u200b Compojet F\u00e1brica de Palmilhas A f\u00e1brica de palmilhas Compojet \u00e9 uma empresa especializada na fabrica\u00e7\u00e3o de palmilhas personalizadas para diferentes tipos de cal\u00e7ados.Fundada em 1\u00ba de setembro de 1996, a empresa possui 150 colaboradores altamente capacitados e tecnologia de ponta, para atender as demandas de seus clientes.A empresa&hellip;","_links":{"self":[{"href":"https:\/\/compojet.ind.br\/index.php\/wp-json\/wp\/v2\/pages\/599","targetHints":{"allow":["GET"]}}],"collection":[{"href":"https:\/\/compojet.ind.br\/index.php\/wp-json\/wp\/v2\/pages"}],"about":[{"href":"https:\/\/compojet.ind.br\/index.php\/wp-json\/wp\/v2\/types\/page"}],"author":[{"embeddable":true,"href":"https:\/\/compojet.ind.br\/index.php\/wp-json\/wp\/v2\/users\/1"}],"replies":[{"embeddable":true,"href":"https:\/\/compojet.ind.br\/index.php\/wp-json\/wp\/v2\/comments?post=599"}],"version-history":[{"count":33,"href":"https:\/\/compojet.ind.br\/index.php\/wp-json\/wp\/v2\/pages\/599\/revisions"}],"predecessor-version":[{"id":992,"href":"https:\/\/compojet.ind.br\/index.php\/wp-json\/wp\/v2\/pages\/599\/revisions\/992"}],"wp:attachment":[{"href":"https:\/\/compojet.ind.br\/index.php\/wp-json\/wp\/v2\/media?parent=599"}],"curies":[{"name":"wp","href":"https:\/\/api.w.org\/{rel}","templated":true}]}}